{"id":510,"date":"2023-08-09T14:39:55","date_gmt":"2023-08-09T12:39:55","guid":{"rendered":"https:\/\/3h3.mycasaweb.ch\/?page_id=510"},"modified":"2023-08-09T14:39:55","modified_gmt":"2023-08-09T12:39:55","slug":"vente-immobiliere-a-marsens","status":"publish","type":"page","link":"https:\/\/3h3.ch\/fr\/immo-wissen\/vente-immobiliere-a-marsens\/","title":{"rendered":"Vente immobili\u00e8re \u00e0 Marsens"},"content":{"rendered":"<p><strong>DreihochDrei Immobilier SA: Conseillers immobiliers fiables, exp\u00e9riment\u00e9s et comp\u00e9tents \u00e0 Marsens<\/strong><\/p>\n<p>Vous souhaitez vendre votre bien immobilier \u00e0 Marsens ou dans les environs de la r\u00e9gion du district de la Gruy\u00e8re? Chez DreihochDrei Immobilier SA, vous \u00eates entre de bonnes mains. En tant qu&rsquo;expert de longue date sur le march\u00e9 immobilier, nous vous offrons un soutien fiable, honn\u00eate et comp\u00e9tent pour votre projet de vente. Le march\u00e9 immobilier \u00e0 Marsens et dans le canton de Fribourg est caract\u00e9ris\u00e9 par une forte demande et une large offre d&rsquo;appartements et de maisons. Dans un environnement aussi dynamique, il est essentiel d&rsquo;avoir un partenaire de confiance \u00e0 vos c\u00f4t\u00e9s pour vous accompagner tout au long du processus de vente. C&rsquo;est pr\u00e9cis\u00e9ment ce que nous vous proposons chez DreihochDrei Immobilier SA.<br \/>\nNotre \u00e9quipe exp\u00e9riment\u00e9e conna\u00eet parfaitement le march\u00e9 local \u00e0 Marsens et de la r\u00e9gion du district de la Gruy\u00e8re. Nous savons comment pr\u00e9senter au mieux votre bien immobilier pour attirer les acheteurs potentiels et maximiser vos r\u00e9sultats de vente. Que ce soit pour la vente d&rsquo;un appartement ou d&rsquo;une maison, nous mettons \u00e0 profit notre longue exp\u00e9rience et notre expertise pour obtenir les meilleurs r\u00e9sultats pour vous. Chez DreihochDrei Immobilier SA, nous attachons une grande importance \u00e0 une collaboration honn\u00eate bas\u00e9e sur une communication transparente. Nous prenons le temps de comprendre vos besoins individuels et de d\u00e9velopper des solutions sur mesure pour la vente de votre bien immobilier. Avec nous comme partenaire, vous pouvez \u00eatre s\u00fbr que nous d\u00e9fendrons toujours vos int\u00e9r\u00eats et que nous r\u00e9ussirons \u00e0 commercialiser votre bien immobilier avec succ\u00e8s. Notre conseil en immobilier est complet et comprend toutes les \u00e9tapes essentielles au processus de vente. De l&rsquo;\u00e9valuation de votre propri\u00e9t\u00e9, \u00e0 la cr\u00e9ation de brochures attrayantes, en passant par l&rsquo;organisation de visites et les n\u00e9gociations, nous mettons \u00e0 votre disposition notre expertise. Nous sommes votre interlocuteur fiable et vous accompagnons jusqu&rsquo;\u00e0 la conclusion de la vente. Faites confiance \u00e0 DreihochDrei Immobilier SA pour la vente immobili\u00e8re \u00e0 Marsens et dans la r\u00e9gion du district de la Gruy\u00e8re. Contactez-nous d\u00e8s aujourd&rsquo;hui pour en savoir plus sur nos services et notre engagement \u00e0 vous donner enti\u00e8re satisfaction. Nous sommes impatients de vous rencontrer en personne et de vous aider \u00e0 vendre votre bien immobilier avec succ\u00e8s.<\/p>\n","protected":false},"excerpt":{"rendered":"<p>DreihochDrei Immobilier SA: Conseillers immobiliers fiables, exp\u00e9riment\u00e9s et comp\u00e9tents \u00e0 Marsens Vous souhaitez vendre votre bien immobilier \u00e0 Marsens ou dans les environs de la r\u00e9gion du district de la Gruy\u00e8re? Chez DreihochDrei Immobilier SA, vous \u00eates entre de bonnes mains. En tant qu&rsquo;expert de longue date sur le march\u00e9 immobilier, nous vous offrons un [&hellip;]<\/p>\n","protected":false},"author":1,"featured_media":0,"parent":457,"menu_order":0,"comment_status":"closed","ping_status":"closed","template":"page-template-noacfcontent.php","meta":{"_acf_changed":false,"inline_featured_image":false,"footnotes":""},"class_list":["post-510","page","type-page","status-publish","hentry"],"acf":[],"yoast_head":"<!-- This site is optimized with the Yoast SEO plugin v27.2 - https:\/\/yoast.com\/product\/yoast-seo-wordpress\/ -->\n<title>Vente immobili\u00e8re \u00e0 Marsens - DreihochDrei Immobilien AG<\/title>\n<meta name=\"robots\" content=\"index, follow, max-snippet:-1, max-image-preview:large, max-video-preview:-1\" \/>\n<link rel=\"canonical\" href=\"https:\/\/3h3.ch\/fr\/immo-wissen\/vente-immobiliere-a-marsens\/\" \/>\n<meta property=\"og:locale\" content=\"fr_FR\" \/>\n<meta property=\"og:type\" content=\"article\" \/>\n<meta property=\"og:title\" content=\"Vente immobili\u00e8re \u00e0 Marsens - DreihochDrei Immobilien AG\" \/>\n<meta property=\"og:description\" content=\"DreihochDrei Immobilier SA: Conseillers immobiliers fiables, exp\u00e9riment\u00e9s et comp\u00e9tents \u00e0 Marsens Vous souhaitez vendre votre bien immobilier \u00e0 Marsens ou dans les environs de la r\u00e9gion du district de la Gruy\u00e8re? Chez DreihochDrei Immobilier SA, vous \u00eates entre de bonnes mains. En tant qu&rsquo;expert de longue date sur le march\u00e9 immobilier, nous vous offrons un [&hellip;]\" \/>\n<meta property=\"og:url\" content=\"https:\/\/3h3.ch\/fr\/immo-wissen\/vente-immobiliere-a-marsens\/\" \/>\n<meta property=\"og:site_name\" content=\"DreihochDrei Immobilien AG\" \/>\n<meta name=\"twitter:card\" content=\"summary_large_image\" \/>\n<meta name=\"twitter:label1\" content=\"Dur\u00e9e de lecture estim\u00e9e\" \/>\n\t<meta name=\"twitter:data1\" content=\"2 minutes\" \/>\n<script type=\"application\/ld+json\" class=\"yoast-schema-graph\">{\"@context\":\"https:\/\/schema.org\",\"@graph\":[{\"@type\":\"WebPage\",\"@id\":\"https:\/\/3h3.ch\/fr\/immo-wissen\/vente-immobiliere-a-marsens\/\",\"url\":\"https:\/\/3h3.ch\/fr\/immo-wissen\/vente-immobiliere-a-marsens\/\",\"name\":\"Vente immobili\u00e8re \u00e0 Marsens - DreihochDrei Immobilien AG\",\"isPartOf\":{\"@id\":\"https:\/\/3h3.ch\/#website\"},\"datePublished\":\"2023-08-09T12:39:55+00:00\",\"breadcrumb\":{\"@id\":\"https:\/\/3h3.ch\/fr\/immo-wissen\/vente-immobiliere-a-marsens\/#breadcrumb\"},\"inLanguage\":\"fr-FR\",\"potentialAction\":[{\"@type\":\"ReadAction\",\"target\":[\"https:\/\/3h3.ch\/fr\/immo-wissen\/vente-immobiliere-a-marsens\/\"]}]},{\"@type\":\"BreadcrumbList\",\"@id\":\"https:\/\/3h3.ch\/fr\/immo-wissen\/vente-immobiliere-a-marsens\/#breadcrumb\",\"itemListElement\":[{\"@type\":\"ListItem\",\"position\":1,\"name\":\"Startseite\",\"item\":\"https:\/\/3h3.ch\/fr\/\"},{\"@type\":\"ListItem\",\"position\":2,\"name\":\"IMMO Wissen\",\"item\":\"https:\/\/3h3.ch\/immo-wissen\/\"},{\"@type\":\"ListItem\",\"position\":3,\"name\":\"Vente immobili\u00e8re \u00e0 Marsens\"}]},{\"@type\":\"WebSite\",\"@id\":\"https:\/\/3h3.ch\/#website\",\"url\":\"https:\/\/3h3.ch\/\",\"name\":\"DreihochDrei Immobilien AG\",\"description\":\"\",\"publisher\":{\"@id\":\"https:\/\/3h3.ch\/#organization\"},\"potentialAction\":[{\"@type\":\"SearchAction\",\"target\":{\"@type\":\"EntryPoint\",\"urlTemplate\":\"https:\/\/3h3.ch\/?s={search_term_string}\"},\"query-input\":{\"@type\":\"PropertyValueSpecification\",\"valueRequired\":true,\"valueName\":\"search_term_string\"}}],\"inLanguage\":\"fr-FR\"},{\"@type\":\"Organization\",\"@id\":\"https:\/\/3h3.ch\/#organization\",\"name\":\"DreihochDrei Immobilien AG\",\"url\":\"https:\/\/3h3.ch\/\",\"logo\":{\"@type\":\"ImageObject\",\"inLanguage\":\"fr-FR\",\"@id\":\"https:\/\/3h3.ch\/#\/schema\/logo\/image\/\",\"url\":\"https:\/\/3h3.ch\/wp-content\/uploads\/sites\/85\/2023\/07\/3h3_logo.svg\",\"contentUrl\":\"https:\/\/3h3.ch\/wp-content\/uploads\/sites\/85\/2023\/07\/3h3_logo.svg\",\"width\":378,\"height\":510,\"caption\":\"DreihochDrei Immobilien AG\"},\"image\":{\"@id\":\"https:\/\/3h3.ch\/#\/schema\/logo\/image\/\"}}]}<\/script>\n<!-- \/ Yoast SEO plugin. -->","yoast_head_json":{"title":"Vente immobili\u00e8re \u00e0 Marsens - DreihochDrei Immobilien AG","robots":{"index":"index","follow":"follow","max-snippet":"max-snippet:-1","max-image-preview":"max-image-preview:large","max-video-preview":"max-video-preview:-1"},"canonical":"https:\/\/3h3.ch\/fr\/immo-wissen\/vente-immobiliere-a-marsens\/","og_locale":"fr_FR","og_type":"article","og_title":"Vente immobili\u00e8re \u00e0 Marsens - DreihochDrei Immobilien AG","og_description":"DreihochDrei Immobilier SA: Conseillers immobiliers fiables, exp\u00e9riment\u00e9s et comp\u00e9tents \u00e0 Marsens Vous souhaitez vendre votre bien immobilier \u00e0 Marsens ou dans les environs de la r\u00e9gion du district de la Gruy\u00e8re? Chez DreihochDrei Immobilier SA, vous \u00eates entre de bonnes mains. En tant qu&rsquo;expert de longue date sur le march\u00e9 immobilier, nous vous offrons un [&hellip;]","og_url":"https:\/\/3h3.ch\/fr\/immo-wissen\/vente-immobiliere-a-marsens\/","og_site_name":"DreihochDrei Immobilien AG","twitter_card":"summary_large_image","twitter_misc":{"Dur\u00e9e de lecture estim\u00e9e":"2 minutes"},"schema":{"@context":"https:\/\/schema.org","@graph":[{"@type":"WebPage","@id":"https:\/\/3h3.ch\/fr\/immo-wissen\/vente-immobiliere-a-marsens\/","url":"https:\/\/3h3.ch\/fr\/immo-wissen\/vente-immobiliere-a-marsens\/","name":"Vente immobili\u00e8re \u00e0 Marsens - DreihochDrei Immobilien AG","isPartOf":{"@id":"https:\/\/3h3.ch\/#website"},"datePublished":"2023-08-09T12:39:55+00:00","breadcrumb":{"@id":"https:\/\/3h3.ch\/fr\/immo-wissen\/vente-immobiliere-a-marsens\/#breadcrumb"},"inLanguage":"fr-FR","potentialAction":[{"@type":"ReadAction","target":["https:\/\/3h3.ch\/fr\/immo-wissen\/vente-immobiliere-a-marsens\/"]}]},{"@type":"BreadcrumbList","@id":"https:\/\/3h3.ch\/fr\/immo-wissen\/vente-immobiliere-a-marsens\/#breadcrumb","itemListElement":[{"@type":"ListItem","position":1,"name":"Startseite","item":"https:\/\/3h3.ch\/fr\/"},{"@type":"ListItem","position":2,"name":"IMMO Wissen","item":"https:\/\/3h3.ch\/immo-wissen\/"},{"@type":"ListItem","position":3,"name":"Vente immobili\u00e8re \u00e0 Marsens"}]},{"@type":"WebSite","@id":"https:\/\/3h3.ch\/#website","url":"https:\/\/3h3.ch\/","name":"DreihochDrei Immobilien AG","description":"","publisher":{"@id":"https:\/\/3h3.ch\/#organization"},"potentialAction":[{"@type":"SearchAction","target":{"@type":"EntryPoint","urlTemplate":"https:\/\/3h3.ch\/?s={search_term_string}"},"query-input":{"@type":"PropertyValueSpecification","valueRequired":true,"valueName":"search_term_string"}}],"inLanguage":"fr-FR"},{"@type":"Organization","@id":"https:\/\/3h3.ch\/#organization","name":"DreihochDrei Immobilien AG","url":"https:\/\/3h3.ch\/","logo":{"@type":"ImageObject","inLanguage":"fr-FR","@id":"https:\/\/3h3.ch\/#\/schema\/logo\/image\/","url":"https:\/\/3h3.ch\/wp-content\/uploads\/sites\/85\/2023\/07\/3h3_logo.svg","contentUrl":"https:\/\/3h3.ch\/wp-content\/uploads\/sites\/85\/2023\/07\/3h3_logo.svg","width":378,"height":510,"caption":"DreihochDrei Immobilien AG"},"image":{"@id":"https:\/\/3h3.ch\/#\/schema\/logo\/image\/"}}]}},"_links":{"self":[{"href":"https:\/\/3h3.ch\/fr\/wp-json\/wp\/v2\/pages\/510","targetHints":{"allow":["GET"]}}],"collection":[{"href":"https:\/\/3h3.ch\/fr\/wp-json\/wp\/v2\/pages"}],"about":[{"href":"https:\/\/3h3.ch\/fr\/wp-json\/wp\/v2\/types\/page"}],"author":[{"embeddable":true,"href":"https:\/\/3h3.ch\/fr\/wp-json\/wp\/v2\/users\/1"}],"replies":[{"embeddable":true,"href":"https:\/\/3h3.ch\/fr\/wp-json\/wp\/v2\/comments?post=510"}],"version-history":[{"count":0,"href":"https:\/\/3h3.ch\/fr\/wp-json\/wp\/v2\/pages\/510\/revisions"}],"up":[{"embeddable":true,"href":"https:\/\/3h3.ch\/fr\/wp-json\/wp\/v2\/pages\/457"}],"wp:attachment":[{"href":"https:\/\/3h3.ch\/fr\/wp-json\/wp\/v2\/media?parent=510"}],"curies":[{"name":"wp","href":"https:\/\/api.w.org\/{rel}","templated":true}]}}